{"id":1314,"date":"2026-03-25T13:31:45","date_gmt":"2026-03-25T13:31:45","guid":{"rendered":"https:\/\/tactoki.art\/Startseite\/?page_id=1314"},"modified":"2026-03-26T08:04:08","modified_gmt":"2026-03-26T08:04:08","slug":"merch-portfolio","status":"publish","type":"page","link":"https:\/\/tactoki.art\/Startseite\/?page_id=1314","title":{"rendered":"Merch Portfolio"},"content":{"rendered":"\n<div style=\"height:62px\" aria-hidden=\"true\" class=\"wp-block-spacer\"><\/div>\n\n\n\n<h2 class=\"wp-block-heading has-text-align-center has-x-large-font-size\">Merch Portfolio<\/h2>\n\n\n\n<div style=\"height:51px\" aria-hidden=\"true\" class=\"wp-block-spacer\"><\/div>\n\n\n\n<hr class=\"wp-block-separator has-text-color has-alpha-channel-opacity has-background is-style-wide\" style=\"background-color:#faf9f6;color:#faf9f6\"\/>\n\n\n\n<div style=\"height:28px\" aria-hidden=\"true\" class=\"wp-block-spacer\"><\/div>\n\n\n\n<h2 class=\"wp-block-heading has-text-align-center\">T-Shirt Designs<\/h2>\n\n\n\n<div style=\"height:26px\" aria-hidden=\"true\" class=\"wp-block-spacer\"><\/div>\n\n\n\n<div class=\"wp-block-columns is-layout-flex wp-container-core-columns-is-layout-28f84493 wp-block-columns-is-layout-flex\">\n<div class=\"wp-block-column is-layout-flow wp-block-column-is-layout-flow\">\n<figure class=\"wp-block-image size-large is-resized\"><img loading=\"lazy\" decoding=\"async\" width=\"654\" height=\"1024\" src=\"https:\/\/tactoki.art\/wp-content\/uploads\/2026\/03\/PXL_20230622_104054521-654x1024.webp\" alt=\"\" class=\"wp-image-1215\" style=\"aspect-ratio:0.6386604743363715;width:277px;height:auto\" srcset=\"https:\/\/tactoki.art\/wp-content\/uploads\/2026\/03\/PXL_20230622_104054521-654x1024.webp 654w, https:\/\/tactoki.art\/wp-content\/uploads\/2026\/03\/PXL_20230622_104054521-191x300.webp 191w, https:\/\/tactoki.art\/wp-content\/uploads\/2026\/03\/PXL_20230622_104054521-768x1203.webp 768w, https:\/\/tactoki.art\/wp-content\/uploads\/2026\/03\/PXL_20230622_104054521-980x1536.webp 980w, https:\/\/tactoki.art\/wp-content\/uploads\/2026\/03\/PXL_20230622_104054521-1307x2048.webp 1307w, https:\/\/tactoki.art\/wp-content\/uploads\/2026\/03\/PXL_20230622_104054521-scaled.webp 1634w\" sizes=\"auto, (max-width: 654px) 100vw, 654px\" \/><\/figure>\n\n\n\n<p class=\"has-text-align-center\"><strong>Donut Love<\/strong><\/p>\n<\/div>\n\n\n\n<div class=\"wp-block-column is-layout-flow wp-block-column-is-layout-flow\">\n<figure class=\"wp-block-image size-large\"><img loading=\"lazy\" decoding=\"async\" width=\"672\" height=\"1024\" src=\"https:\/\/tactoki.art\/wp-content\/uploads\/2026\/03\/PXL_20230622_103856194-672x1024.webp\" alt=\"\" class=\"wp-image-1214\" srcset=\"https:\/\/tactoki.art\/wp-content\/uploads\/2026\/03\/PXL_20230622_103856194-672x1024.webp 672w, https:\/\/tactoki.art\/wp-content\/uploads\/2026\/03\/PXL_20230622_103856194-197x300.webp 197w, https:\/\/tactoki.art\/wp-content\/uploads\/2026\/03\/PXL_20230622_103856194-768x1171.webp 768w, https:\/\/tactoki.art\/wp-content\/uploads\/2026\/03\/PXL_20230622_103856194-1008x1536.webp 1008w, https:\/\/tactoki.art\/wp-content\/uploads\/2026\/03\/PXL_20230622_103856194-1344x2048.webp 1344w, https:\/\/tactoki.art\/wp-content\/uploads\/2026\/03\/PXL_20230622_103856194-scaled.webp 1680w\" sizes=\"auto, (max-width: 672px) 100vw, 672px\" \/><\/figure>\n\n\n\n<p class=\"has-text-align-center\"><strong>Calcium<\/strong><\/p>\n<\/div>\n\n\n\n<div class=\"wp-block-column is-layout-flow wp-block-column-is-layout-flow\">\n<figure class=\"wp-block-image size-large\"><img loading=\"lazy\" decoding=\"async\" width=\"666\" height=\"1024\" src=\"https:\/\/tactoki.art\/wp-content\/uploads\/2026\/03\/T-shirt-2-666x1024.webp\" alt=\"\" class=\"wp-image-1216\" srcset=\"https:\/\/tactoki.art\/wp-content\/uploads\/2026\/03\/T-shirt-2-666x1024.webp 666w, https:\/\/tactoki.art\/wp-content\/uploads\/2026\/03\/T-shirt-2-195x300.webp 195w, https:\/\/tactoki.art\/wp-content\/uploads\/2026\/03\/T-shirt-2-768x1181.webp 768w, https:\/\/tactoki.art\/wp-content\/uploads\/2026\/03\/T-shirt-2-999x1536.webp 999w, https:\/\/tactoki.art\/wp-content\/uploads\/2026\/03\/T-shirt-2-1332x2048.webp 1332w, https:\/\/tactoki.art\/wp-content\/uploads\/2026\/03\/T-shirt-2-scaled.webp 1665w\" sizes=\"auto, (max-width: 666px) 100vw, 666px\" \/><\/figure>\n\n\n\n<p class=\"has-text-align-center\"><strong>Galaxy<\/strong><\/p>\n<\/div>\n<\/div>\n\n\n\n<div class=\"wp-block-columns is-layout-flex wp-container-core-columns-is-layout-28f84493 wp-block-columns-is-layout-flex\">\n<div class=\"wp-block-column is-layout-flow wp-block-column-is-layout-flow\">\n<figure class=\"wp-block-image size-large\"><img loading=\"lazy\" decoding=\"async\" width=\"819\" height=\"1024\" src=\"https:\/\/tactoki.art\/wp-content\/uploads\/2026\/03\/photo_2024-04-01_20-26-35-819x1024.webp\" alt=\"\" class=\"wp-image-1213\" srcset=\"https:\/\/tactoki.art\/wp-content\/uploads\/2026\/03\/photo_2024-04-01_20-26-35-819x1024.webp 819w, https:\/\/tactoki.art\/wp-content\/uploads\/2026\/03\/photo_2024-04-01_20-26-35-240x300.webp 240w, https:\/\/tactoki.art\/wp-content\/uploads\/2026\/03\/photo_2024-04-01_20-26-35-768x960.webp 768w, https:\/\/tactoki.art\/wp-content\/uploads\/2026\/03\/photo_2024-04-01_20-26-35.webp 1024w\" sizes=\"auto, (max-width: 819px) 100vw, 819px\" \/><\/figure>\n\n\n\n<p class=\"has-text-align-center\"><strong>Shopping<\/strong><\/p>\n<\/div>\n\n\n\n<div class=\"wp-block-column is-layout-flow wp-block-column-is-layout-flow\">\n<figure class=\"wp-block-image size-large is-resized\"><img loading=\"lazy\" decoding=\"async\" width=\"769\" height=\"1024\" src=\"https:\/\/tactoki.art\/wp-content\/uploads\/2026\/03\/photo_2025-07-16_14-39-44-769x1024.jpg\" alt=\"\" class=\"wp-image-1360\" style=\"aspect-ratio:0.75096922588668;width:270px;height:auto\" srcset=\"https:\/\/tactoki.art\/wp-content\/uploads\/2026\/03\/photo_2025-07-16_14-39-44-769x1024.jpg 769w, https:\/\/tactoki.art\/wp-content\/uploads\/2026\/03\/photo_2025-07-16_14-39-44-225x300.jpg 225w, https:\/\/tactoki.art\/wp-content\/uploads\/2026\/03\/photo_2025-07-16_14-39-44-768x1023.jpg 768w, https:\/\/tactoki.art\/wp-content\/uploads\/2026\/03\/photo_2025-07-16_14-39-44.jpg 961w\" sizes=\"auto, (max-width: 769px) 100vw, 769px\" \/><\/figure>\n\n\n\n<p class=\"has-text-align-center\"><strong>Keki<\/strong><\/p>\n<\/div>\n\n\n\n<div class=\"wp-block-column is-layout-flow wp-block-column-is-layout-flow\"><\/div>\n<\/div>\n\n\n\n<div style=\"height:45px\" aria-hidden=\"true\" class=\"wp-block-spacer\"><\/div>\n\n\n\n<figure class=\"wp-block-gallery alignwide has-nested-images columns-4 is-cropped wp-block-gallery-1 is-layout-flex wp-block-gallery-is-layout-flex\">\n<figure class=\"wp-block-image alignwide size-large\"><img loading=\"lazy\" decoding=\"async\" width=\"724\" height=\"1024\" data-id=\"1217\" src=\"https:\/\/tactoki.art\/wp-content\/uploads\/2026\/03\/T-shirt-Design-724x1024.webp\" alt=\"\" class=\"wp-image-1217\" srcset=\"https:\/\/tactoki.art\/wp-content\/uploads\/2026\/03\/T-shirt-Design-724x1024.webp 724w, https:\/\/tactoki.art\/wp-content\/uploads\/2026\/03\/T-shirt-Design-212x300.webp 212w, https:\/\/tactoki.art\/wp-content\/uploads\/2026\/03\/T-shirt-Design-768x1086.webp 768w, https:\/\/tactoki.art\/wp-content\/uploads\/2026\/03\/T-shirt-Design-1086x1536.webp 1086w, https:\/\/tactoki.art\/wp-content\/uploads\/2026\/03\/T-shirt-Design-1448x2048.webp 1448w, https:\/\/tactoki.art\/wp-content\/uploads\/2026\/03\/T-shirt-Design-scaled.webp 1810w\" sizes=\"auto, (max-width: 724px) 100vw, 724px\" \/><\/figure>\n\n\n\n<figure class=\"wp-block-image size-large\"><img loading=\"lazy\" decoding=\"async\" width=\"946\" height=\"1024\" data-id=\"1219\" src=\"https:\/\/tactoki.art\/wp-content\/uploads\/2026\/03\/T-shirt-design-06-946x1024.webp\" alt=\"\" class=\"wp-image-1219\" style=\"aspect-ratio:3\/4\" srcset=\"https:\/\/tactoki.art\/wp-content\/uploads\/2026\/03\/T-shirt-design-06-946x1024.webp 946w, https:\/\/tactoki.art\/wp-content\/uploads\/2026\/03\/T-shirt-design-06-277x300.webp 277w, https:\/\/tactoki.art\/wp-content\/uploads\/2026\/03\/T-shirt-design-06-768x832.webp 768w, https:\/\/tactoki.art\/wp-content\/uploads\/2026\/03\/T-shirt-design-06-1418x1536.webp 1418w, https:\/\/tactoki.art\/wp-content\/uploads\/2026\/03\/T-shirt-design-06-1891x2048.webp 1891w\" sizes=\"auto, (max-width: 946px) 100vw, 946px\" \/><\/figure>\n\n\n\n<figure class=\"wp-block-image size-large\"><img loading=\"lazy\" decoding=\"async\" width=\"946\" height=\"1024\" data-id=\"1218\" src=\"https:\/\/tactoki.art\/wp-content\/uploads\/2026\/03\/T-shirt-design-03-946x1024.webp\" alt=\"\" class=\"wp-image-1218\" style=\"aspect-ratio:3\/4\" srcset=\"https:\/\/tactoki.art\/wp-content\/uploads\/2026\/03\/T-shirt-design-03-946x1024.webp 946w, https:\/\/tactoki.art\/wp-content\/uploads\/2026\/03\/T-shirt-design-03-277x300.webp 277w, https:\/\/tactoki.art\/wp-content\/uploads\/2026\/03\/T-shirt-design-03-768x832.webp 768w, https:\/\/tactoki.art\/wp-content\/uploads\/2026\/03\/T-shirt-design-03-1418x1536.webp 1418w, https:\/\/tactoki.art\/wp-content\/uploads\/2026\/03\/T-shirt-design-03-1891x2048.webp 1891w\" sizes=\"auto, (max-width: 946px) 100vw, 946px\" \/><\/figure>\n\n\n\n<figure class=\"wp-block-image size-large\"><img loading=\"lazy\" decoding=\"async\" width=\"724\" height=\"1024\" data-id=\"1220\" src=\"https:\/\/tactoki.art\/wp-content\/uploads\/2026\/03\/T-shirt-Designs-03-724x1024.webp\" alt=\"\" class=\"wp-image-1220\" style=\"aspect-ratio:3\/4\" srcset=\"https:\/\/tactoki.art\/wp-content\/uploads\/2026\/03\/T-shirt-Designs-03-724x1024.webp 724w, https:\/\/tactoki.art\/wp-content\/uploads\/2026\/03\/T-shirt-Designs-03-212x300.webp 212w, https:\/\/tactoki.art\/wp-content\/uploads\/2026\/03\/T-shirt-Designs-03-768x1086.webp 768w, https:\/\/tactoki.art\/wp-content\/uploads\/2026\/03\/T-shirt-Designs-03-1086x1536.webp 1086w, https:\/\/tactoki.art\/wp-content\/uploads\/2026\/03\/T-shirt-Designs-03-1448x2048.webp 1448w, https:\/\/tactoki.art\/wp-content\/uploads\/2026\/03\/T-shirt-Designs-03-scaled.webp 1810w\" sizes=\"auto, (max-width: 724px) 100vw, 724px\" \/><\/figure>\n<\/figure>\n\n\n\n<div style=\"height:77px\" aria-hidden=\"true\" class=\"wp-block-spacer\"><\/div>\n\n\n\n<hr class=\"wp-block-separator has-text-color has-alpha-channel-opacity has-background is-style-wide\" style=\"background-color:#faf9f6;color:#faf9f6\"\/>\n\n\n\n<div style=\"height:77px\" aria-hidden=\"true\" class=\"wp-block-spacer\"><\/div>\n\n\n\n<h2 class=\"wp-block-heading has-text-align-center\">Pl\u00fcschtier Helmut <\/h2>\n\n\n\n<div style=\"height:77px\" aria-hidden=\"true\" class=\"wp-block-spacer\"><\/div>\n\n\n\n<div class=\"wp-block-columns is-layout-flex wp-container-core-columns-is-layout-28f84493 wp-block-columns-is-layout-flex\">\n<div class=\"wp-block-column is-layout-flow wp-block-column-is-layout-flow\">\n<p><\/p>\n\n\n\n<p><\/p>\n\n\n\n<figure class=\"wp-block-image aligncenter size-large\"><img loading=\"lazy\" decoding=\"async\" width=\"1024\" height=\"774\" src=\"https:\/\/tactoki.art\/wp-content\/uploads\/2026\/03\/il_1588xN.5592614786_kytl-1024x774.webp\" alt=\"\" class=\"wp-image-1375\" style=\"aspect-ratio:1.3229804148877657\" srcset=\"https:\/\/tactoki.art\/wp-content\/uploads\/2026\/03\/il_1588xN.5592614786_kytl-1024x774.webp 1024w, https:\/\/tactoki.art\/wp-content\/uploads\/2026\/03\/il_1588xN.5592614786_kytl-300x227.webp 300w, https:\/\/tactoki.art\/wp-content\/uploads\/2026\/03\/il_1588xN.5592614786_kytl-768x581.webp 768w, https:\/\/tactoki.art\/wp-content\/uploads\/2026\/03\/il_1588xN.5592614786_kytl-100x76.webp 100w, https:\/\/tactoki.art\/wp-content\/uploads\/2026\/03\/il_1588xN.5592614786_kytl-1536x1162.webp 1536w, https:\/\/tactoki.art\/wp-content\/uploads\/2026\/03\/il_1588xN.5592614786_kytl.webp 1588w\" sizes=\"auto, (max-width: 1024px) 100vw, 1024px\" \/><\/figure>\n<\/div>\n\n\n\n<div class=\"wp-block-column is-layout-flow wp-block-column-is-layout-flow\">\n<figure class=\"wp-block-gallery has-nested-images columns-default is-cropped wp-block-gallery-2 is-layout-flex wp-block-gallery-is-layout-flex\">\n<figure class=\"wp-block-image size-large\"><img loading=\"lazy\" decoding=\"async\" width=\"747\" height=\"1024\" data-id=\"1373\" src=\"https:\/\/tactoki.art\/wp-content\/uploads\/2026\/03\/il_1588xN.5278942540_3mea-747x1024.webp\" alt=\"\" class=\"wp-image-1373\" srcset=\"https:\/\/tactoki.art\/wp-content\/uploads\/2026\/03\/il_1588xN.5278942540_3mea-747x1024.webp 747w, https:\/\/tactoki.art\/wp-content\/uploads\/2026\/03\/il_1588xN.5278942540_3mea-219x300.webp 219w, https:\/\/tactoki.art\/wp-content\/uploads\/2026\/03\/il_1588xN.5278942540_3mea-768x1052.webp 768w, https:\/\/tactoki.art\/wp-content\/uploads\/2026\/03\/il_1588xN.5278942540_3mea-100x137.webp 100w, https:\/\/tactoki.art\/wp-content\/uploads\/2026\/03\/il_1588xN.5278942540_3mea-1121x1536.webp 1121w, https:\/\/tactoki.art\/wp-content\/uploads\/2026\/03\/il_1588xN.5278942540_3mea-1495x2048.webp 1495w, https:\/\/tactoki.art\/wp-content\/uploads\/2026\/03\/il_1588xN.5278942540_3mea.webp 1588w\" sizes=\"auto, (max-width: 747px) 100vw, 747px\" \/><\/figure>\n\n\n\n<figure class=\"wp-block-image size-large\"><img loading=\"lazy\" decoding=\"async\" width=\"771\" height=\"1024\" data-id=\"1374\" src=\"https:\/\/tactoki.art\/wp-content\/uploads\/2026\/03\/il_1588xN.5278942530_negk-771x1024.webp\" alt=\"\" class=\"wp-image-1374\" srcset=\"https:\/\/tactoki.art\/wp-content\/uploads\/2026\/03\/il_1588xN.5278942530_negk-771x1024.webp 771w, https:\/\/tactoki.art\/wp-content\/uploads\/2026\/03\/il_1588xN.5278942530_negk-226x300.webp 226w, https:\/\/tactoki.art\/wp-content\/uploads\/2026\/03\/il_1588xN.5278942530_negk-768x1020.webp 768w, https:\/\/tactoki.art\/wp-content\/uploads\/2026\/03\/il_1588xN.5278942530_negk-100x133.webp 100w, https:\/\/tactoki.art\/wp-content\/uploads\/2026\/03\/il_1588xN.5278942530_negk-1157x1536.webp 1157w, https:\/\/tactoki.art\/wp-content\/uploads\/2026\/03\/il_1588xN.5278942530_negk-1542x2048.webp 1542w, https:\/\/tactoki.art\/wp-content\/uploads\/2026\/03\/il_1588xN.5278942530_negk.webp 1588w\" sizes=\"auto, (max-width: 771px) 100vw, 771px\" \/><\/figure>\n<\/figure>\n\n\n\n<figure class=\"wp-block-image size-large\"><img loading=\"lazy\" decoding=\"async\" width=\"1024\" height=\"856\" src=\"https:\/\/tactoki.art\/wp-content\/uploads\/2026\/03\/Helmut-Plushi2-PRO-1024x856.webp\" alt=\"\" class=\"wp-image-1372\" srcset=\"https:\/\/tactoki.art\/wp-content\/uploads\/2026\/03\/Helmut-Plushi2-PRO-1024x856.webp 1024w, https:\/\/tactoki.art\/wp-content\/uploads\/2026\/03\/Helmut-Plushi2-PRO-300x251.webp 300w, https:\/\/tactoki.art\/wp-content\/uploads\/2026\/03\/Helmut-Plushi2-PRO-768x642.webp 768w, https:\/\/tactoki.art\/wp-content\/uploads\/2026\/03\/Helmut-Plushi2-PRO-100x84.webp 100w, https:\/\/tactoki.art\/wp-content\/uploads\/2026\/03\/Helmut-Plushi2-PRO-1536x1283.webp 1536w, https:\/\/tactoki.art\/wp-content\/uploads\/2026\/03\/Helmut-Plushi2-PRO-2048x1711.webp 2048w\" sizes=\"auto, (max-width: 1024px) 100vw, 1024px\" \/><\/figure>\n<\/div>\n<\/div>\n\n\n\n<div style=\"height:55px\" aria-hidden=\"true\" class=\"wp-block-spacer\"><\/div>\n\n\n\n<hr class=\"wp-block-separator has-text-color has-alpha-channel-opacity has-background is-style-wide\" style=\"background-color:#faf9f6;color:#faf9f6\"\/>\n\n\n\n<div style=\"height:52px\" aria-hidden=\"true\" class=\"wp-block-spacer\"><\/div>\n\n\n\n<h2 class=\"wp-block-heading has-text-align-center\">Acryl Standees<\/h2>\n\n\n\n<div style=\"height:46px\" aria-hidden=\"true\" class=\"wp-block-spacer\"><\/div>\n\n\n\n<figure class=\"wp-block-gallery has-nested-images columns-default is-cropped wp-block-gallery-3 is-layout-flex wp-block-gallery-is-layout-flex\">\n<figure class=\"wp-block-image size-large\"><img loading=\"lazy\" decoding=\"async\" width=\"1024\" height=\"768\" data-id=\"1379\" src=\"https:\/\/tactoki.art\/wp-content\/uploads\/2026\/03\/standee-02-1024x768.webp\" alt=\"\" class=\"wp-image-1379\" srcset=\"https:\/\/tactoki.art\/wp-content\/uploads\/2026\/03\/standee-02-1024x768.webp 1024w, https:\/\/tactoki.art\/wp-content\/uploads\/2026\/03\/standee-02-300x225.webp 300w, https:\/\/tactoki.art\/wp-content\/uploads\/2026\/03\/standee-02-768x576.webp 768w, https:\/\/tactoki.art\/wp-content\/uploads\/2026\/03\/standee-02-100x75.webp 100w, https:\/\/tactoki.art\/wp-content\/uploads\/2026\/03\/standee-02.webp 1466w\" sizes=\"auto, (max-width: 1024px) 100vw, 1024px\" \/><\/figure>\n\n\n\n<figure class=\"wp-block-image size-large\"><img loading=\"lazy\" decoding=\"async\" width=\"628\" height=\"471\" data-id=\"1380\" src=\"https:\/\/tactoki.art\/wp-content\/uploads\/2026\/03\/standee-03.webp\" alt=\"\" class=\"wp-image-1380\" srcset=\"https:\/\/tactoki.art\/wp-content\/uploads\/2026\/03\/standee-03.webp 628w, https:\/\/tactoki.art\/wp-content\/uploads\/2026\/03\/standee-03-300x225.webp 300w, https:\/\/tactoki.art\/wp-content\/uploads\/2026\/03\/standee-03-100x75.webp 100w\" sizes=\"auto, (max-width: 628px) 100vw, 628px\" \/><\/figure>\n\n\n\n<figure class=\"wp-block-image size-large\"><img loading=\"lazy\" decoding=\"async\" width=\"1024\" height=\"768\" data-id=\"1381\" src=\"https:\/\/tactoki.art\/wp-content\/uploads\/2026\/03\/standee-04-1024x768.webp\" alt=\"\" class=\"wp-image-1381\" srcset=\"https:\/\/tactoki.art\/wp-content\/uploads\/2026\/03\/standee-04-1024x768.webp 1024w, https:\/\/tactoki.art\/wp-content\/uploads\/2026\/03\/standee-04-300x225.webp 300w, https:\/\/tactoki.art\/wp-content\/uploads\/2026\/03\/standee-04-768x576.webp 768w, https:\/\/tactoki.art\/wp-content\/uploads\/2026\/03\/standee-04-100x75.webp 100w, https:\/\/tactoki.art\/wp-content\/uploads\/2026\/03\/standee-04.webp 1466w\" sizes=\"auto, (max-width: 1024px) 100vw, 1024px\" \/><\/figure>\n<\/figure>\n\n\n\n<div class=\"wp-block-columns is-layout-flex wp-container-core-columns-is-layout-28f84493 wp-block-columns-is-layout-flex\">\n<div class=\"wp-block-column is-layout-flow wp-block-column-is-layout-flow\">\n<figure class=\"wp-block-image size-large\"><img loading=\"lazy\" decoding=\"async\" width=\"1024\" height=\"768\" src=\"https:\/\/tactoki.art\/wp-content\/uploads\/2026\/03\/standee-01-1024x768.webp\" alt=\"\" class=\"wp-image-1378\" srcset=\"https:\/\/tactoki.art\/wp-content\/uploads\/2026\/03\/standee-01-1024x768.webp 1024w, https:\/\/tactoki.art\/wp-content\/uploads\/2026\/03\/standee-01-300x225.webp 300w, https:\/\/tactoki.art\/wp-content\/uploads\/2026\/03\/standee-01-768x576.webp 768w, https:\/\/tactoki.art\/wp-content\/uploads\/2026\/03\/standee-01-100x75.webp 100w, https:\/\/tactoki.art\/wp-content\/uploads\/2026\/03\/standee-01.webp 1466w\" sizes=\"auto, (max-width: 1024px) 100vw, 1024px\" \/><\/figure>\n<\/div>\n\n\n\n<div class=\"wp-block-column is-layout-flow wp-block-column-is-layout-flow\"><\/div>\n<\/div>\n\n\n\n<div style=\"height:77px\" aria-hidden=\"true\" class=\"wp-block-spacer\"><\/div>\n\n\n\n<hr class=\"wp-block-separator has-text-color has-alpha-channel-opacity has-background is-style-wide\" style=\"background-color:#faf9f6;color:#faf9f6\"\/>\n\n\n\n<div style=\"height:43px\" aria-hidden=\"true\" class=\"wp-block-spacer\"><\/div>\n\n\n\n<h2 class=\"wp-block-heading has-text-align-center\">Acryl Schl\u00fcsselanh\u00e4nger | Acryl Pins<\/h2>\n\n\n\n<div style=\"height:42px\" aria-hidden=\"true\" class=\"wp-block-spacer\"><\/div>\n\n\n\n<figure class=\"wp-block-gallery has-nested-images columns-default is-cropped wp-block-gallery-4 is-layout-flex wp-block-gallery-is-layout-flex\">\n<figure class=\"wp-block-image size-large\"><img loading=\"lazy\" decoding=\"async\" width=\"769\" height=\"1024\" data-id=\"1384\" src=\"https:\/\/tactoki.art\/wp-content\/uploads\/2026\/03\/keychains2-769x1024.webp\" alt=\"\" class=\"wp-image-1384\" style=\"aspect-ratio:1\" srcset=\"https:\/\/tactoki.art\/wp-content\/uploads\/2026\/03\/keychains2-769x1024.webp 769w, https:\/\/tactoki.art\/wp-content\/uploads\/2026\/03\/keychains2-225x300.webp 225w, https:\/\/tactoki.art\/wp-content\/uploads\/2026\/03\/keychains2-768x1023.webp 768w, https:\/\/tactoki.art\/wp-content\/uploads\/2026\/03\/keychains2-100x133.webp 100w, https:\/\/tactoki.art\/wp-content\/uploads\/2026\/03\/keychains2.webp 961w\" sizes=\"auto, (max-width: 769px) 100vw, 769px\" \/><\/figure>\n\n\n\n<figure class=\"wp-block-image size-large\"><img loading=\"lazy\" decoding=\"async\" width=\"955\" height=\"939\" data-id=\"1385\" src=\"https:\/\/tactoki.art\/wp-content\/uploads\/2026\/03\/shaky.webp\" alt=\"\" class=\"wp-image-1385\" style=\"aspect-ratio:1\" srcset=\"https:\/\/tactoki.art\/wp-content\/uploads\/2026\/03\/shaky.webp 955w, https:\/\/tactoki.art\/wp-content\/uploads\/2026\/03\/shaky-300x295.webp 300w, https:\/\/tactoki.art\/wp-content\/uploads\/2026\/03\/shaky-768x755.webp 768w, https:\/\/tactoki.art\/wp-content\/uploads\/2026\/03\/shaky-100x98.webp 100w\" sizes=\"auto, (max-width: 955px) 100vw, 955px\" \/><\/figure>\n\n\n\n<figure class=\"wp-block-image size-large\"><img loading=\"lazy\" decoding=\"async\" width=\"1024\" height=\"768\" data-id=\"1386\" src=\"https:\/\/tactoki.art\/wp-content\/uploads\/2026\/03\/shaky-8-1024x768.webp\" alt=\"\" class=\"wp-image-1386\" style=\"aspect-ratio:1\" srcset=\"https:\/\/tactoki.art\/wp-content\/uploads\/2026\/03\/shaky-8-1024x768.webp 1024w, https:\/\/tactoki.art\/wp-content\/uploads\/2026\/03\/shaky-8-300x225.webp 300w, https:\/\/tactoki.art\/wp-content\/uploads\/2026\/03\/shaky-8-768x576.webp 768w, https:\/\/tactoki.art\/wp-content\/uploads\/2026\/03\/shaky-8-100x75.webp 100w, https:\/\/tactoki.art\/wp-content\/uploads\/2026\/03\/shaky-8.webp 1466w\" sizes=\"auto, (max-width: 1024px) 100vw, 1024px\" \/><\/figure>\n\n\n\n<figure class=\"wp-block-image size-large\"><img loading=\"lazy\" decoding=\"async\" width=\"1024\" height=\"768\" data-id=\"1377\" src=\"https:\/\/tactoki.art\/wp-content\/uploads\/2026\/03\/shirt-02-1024x768.webp\" alt=\"\" class=\"wp-image-1377\" style=\"aspect-ratio:1\" srcset=\"https:\/\/tactoki.art\/wp-content\/uploads\/2026\/03\/shirt-02-1024x768.webp 1024w, https:\/\/tactoki.art\/wp-content\/uploads\/2026\/03\/shirt-02-300x225.webp 300w, https:\/\/tactoki.art\/wp-content\/uploads\/2026\/03\/shirt-02-768x576.webp 768w, https:\/\/tactoki.art\/wp-content\/uploads\/2026\/03\/shirt-02-100x75.webp 100w, https:\/\/tactoki.art\/wp-content\/uploads\/2026\/03\/shirt-02.webp 1466w\" sizes=\"auto, (max-width: 1024px) 100vw, 1024px\" \/><\/figure>\n\n\n\n<figure class=\"wp-block-image size-large\"><img loading=\"lazy\" decoding=\"async\" width=\"1024\" height=\"768\" data-id=\"1432\" src=\"https:\/\/tactoki.art\/wp-content\/uploads\/2026\/03\/pins-01-1024x768.jpg\" alt=\"\" class=\"wp-image-1432\" style=\"aspect-ratio:1\" srcset=\"https:\/\/tactoki.art\/wp-content\/uploads\/2026\/03\/pins-01-1024x768.jpg 1024w, https:\/\/tactoki.art\/wp-content\/uploads\/2026\/03\/pins-01-300x225.jpg 300w, https:\/\/tactoki.art\/wp-content\/uploads\/2026\/03\/pins-01-768x576.jpg 768w, https:\/\/tactoki.art\/wp-content\/uploads\/2026\/03\/pins-01.jpg 1466w\" sizes=\"auto, (max-width: 1024px) 100vw, 1024px\" \/><\/figure>\n<\/figure>\n\n\n\n<div style=\"height:45px\" aria-hidden=\"true\" class=\"wp-block-spacer\"><\/div>\n","protected":false},"excerpt":{"rendered":"<p>Merch Portfolio T-Shirt Designs Donut Love Calcium Galaxy Shopping Keki Pl\u00fcschtier Helmut Acryl Standees Acryl Schl\u00fcsselanh\u00e4nger | Acryl Pins<\/p>\n","protected":false},"author":1,"featured_media":0,"parent":875,"menu_order":3,"comment_status":"closed","ping_status":"closed","template":"","meta":{"site-sidebar-layout":"default","site-content-layout":"","ast-site-content-layout":"default","site-content-style":"default","site-sidebar-style":"default","ast-global-header-display":"","ast-banner-title-visibility":"","ast-main-header-display":"","ast-hfb-above-header-display":"","ast-hfb-below-header-display":"","ast-hfb-mobile-header-display":"","site-post-title":"disabled","ast-breadcrumbs-content":"","ast-featured-img":"","footer-sml-layout":"","ast-disable-related-posts":"","theme-transparent-header-meta":"","adv-header-id-meta":"","stick-header-meta":"","header-above-stick-meta":"","header-main-stick-meta":"","header-below-stick-meta":"","astra-migrate-meta-layouts":"set","ast-page-background-enabled":"default","ast-page-background-meta":{"desktop":{"background-color":"var(--ast-global-color-4)","background-image":"","background-repeat":"repeat","background-position":"center center","background-size":"auto","background-attachment":"scroll","background-type":"","background-media":"","overlay-type":"","overlay-color":"","overlay-opacity":"","overlay-gradient":""},"tablet":{"background-color":"","background-image":"","background-repeat":"repeat","background-position":"center center","background-size":"auto","background-attachment":"scroll","background-type":"","background-media":"","overlay-type":"","overlay-color":"","overlay-opacity":"","overlay-gradient":""},"mobile":{"background-color":"","background-image":"","background-repeat":"repeat","background-position":"center center","background-size":"auto","background-attachment":"scroll","background-type":"","background-media":"","overlay-type":"","overlay-color":"","overlay-opacity":"","overlay-gradient":""}},"ast-content-background-meta":{"desktop":{"background-color":"var(--ast-global-color-5)","background-image":"","background-repeat":"repeat","background-position":"center center","background-size":"auto","background-attachment":"scroll","background-type":"","background-media":"","overlay-type":"","overlay-color":"","overlay-opacity":"","overlay-gradient":""},"tablet":{"background-color":"var(--ast-global-color-5)","background-image":"","background-repeat":"repeat","background-position":"center center","background-size":"auto","background-attachment":"scroll","background-type":"","background-media":"","overlay-type":"","overlay-color":"","overlay-opacity":"","overlay-gradient":""},"mobile":{"background-color":"var(--ast-global-color-5)","background-image":"","background-repeat":"repeat","background-position":"center center","background-size":"auto","background-attachment":"scroll","background-type":"","background-media":"","overlay-type":"","overlay-color":"","overlay-opacity":"","overlay-gradient":""}},"footnotes":""},"class_list":["post-1314","page","type-page","status-publish","hentry"],"_links":{"self":[{"href":"https:\/\/tactoki.art\/Startseite\/index.php?rest_route=\/wp\/v2\/pages\/1314","targetHints":{"allow":["GET"]}}],"collection":[{"href":"https:\/\/tactoki.art\/Startseite\/index.php?rest_route=\/wp\/v2\/pages"}],"about":[{"href":"https:\/\/tactoki.art\/Startseite\/index.php?rest_route=\/wp\/v2\/types\/page"}],"author":[{"embeddable":true,"href":"https:\/\/tactoki.art\/Startseite\/index.php?rest_route=\/wp\/v2\/users\/1"}],"replies":[{"embeddable":true,"href":"https:\/\/tactoki.art\/Startseite\/index.php?rest_route=%2Fwp%2Fv2%2Fcomments&post=1314"}],"version-history":[{"count":15,"href":"https:\/\/tactoki.art\/Startseite\/index.php?rest_route=\/wp\/v2\/pages\/1314\/revisions"}],"predecessor-version":[{"id":1509,"href":"https:\/\/tactoki.art\/Startseite\/index.php?rest_route=\/wp\/v2\/pages\/1314\/revisions\/1509"}],"up":[{"embeddable":true,"href":"https:\/\/tactoki.art\/Startseite\/index.php?rest_route=\/wp\/v2\/pages\/875"}],"wp:attachment":[{"href":"https:\/\/tactoki.art\/Startseite\/index.php?rest_route=%2Fwp%2Fv2%2Fmedia&parent=1314"}],"curies":[{"name":"wp","href":"https:\/\/api.w.org\/{rel}","templated":true}]}}